{"id":3244,"date":"2024-07-05T13:54:27","date_gmt":"2024-07-05T11:54:27","guid":{"rendered":"http:\/\/fyqorne.cluster023.hosting.ovh.net\/info-copy\/"},"modified":"2025-08-04T09:52:31","modified_gmt":"2025-08-04T07:52:31","slug":"contacto","status":"publish","type":"page","link":"https:\/\/danielmarti.es\/cat\/contacto\/","title":{"rendered":"Contacte"},"content":{"rendered":"<div data-elementor-type=\"wp-page\" data-elementor-id=\"3244\" class=\"elementor elementor-3244\" data-elementor-post-type=\"page\">\n\t\t\t\t<div class=\"elementor-element elementor-element-39790b80 e-con-full e-flex e-con e-parent\" data-id=\"39790b80\" data-element_type=\"container\" data-e-type=\"container\">\n\t\t<div class=\"elementor-element elementor-element-28188950 e-con-full e-flex e-con e-child\" data-id=\"28188950\" data-element_type=\"container\" data-e-type=\"container\">\n\t\t\t\t<div class=\"elementor-element elementor-element-3b0c602 elementor-widget elementor-widget-html\" data-id=\"3b0c602\" data-element_type=\"widget\" data-e-type=\"widget\" data-widget_type=\"html.default\">\n\t\t\t\t<div class=\"elementor-widget-container\">\n\t\t\t\t\t<iframe src=\"https:\/\/www.google.com\/maps\/embed?pb=!1m18!1m12!1m3!1d3116.895600972914!2d-0.6688972!3d38.6282827!2m3!1f0!2f0!3f0!3m2!1i1024!2i768!4f13.1!3m3!1m2!1s0xd63d5dd3dae3c23%3A0x8bd889e176967eb0!2sdmp%20arquitectura!5e0!3m2!1ses!2ses!4v1721810060568!5m2!1ses!2ses\" width=\"600\" height=\"400\" style=\"border:0;\" allowfullscreen=\"\" loading=\"lazy\" referrerpolicy=\"no-referrer-when-downgrade\"><\/iframe>\t\t\t\t<\/div>\n\t\t\t\t<\/div>\n\t\t\t\t<\/div>\n\t\t<div class=\"elementor-element elementor-element-17c69cba e-con-full e-flex e-con e-child\" data-id=\"17c69cba\" data-element_type=\"container\" data-e-type=\"container\">\n\t\t\t\t<div class=\"elementor-element elementor-element-17564ae1 elementor-widget elementor-widget-heading\" data-id=\"17564ae1\" data-element_type=\"widget\" data-e-type=\"widget\" data-widget_type=\"heading.default\">\n\t\t\t\t<div class=\"elementor-widget-container\">\n\t\t\t\t\t<h5 class=\"elementor-heading-title elementor-size-default\">INFORMACI\u00d3<\/h5>\t\t\t\t<\/div>\n\t\t\t\t<\/div>\n\t\t<div class=\"elementor-element elementor-element-22ef959 e-con-full e-flex e-con e-child\" data-id=\"22ef959\" data-element_type=\"container\" data-e-type=\"container\">\n\t\t<div class=\"elementor-element elementor-element-6997cfe e-con-full e-flex e-con e-child\" data-id=\"6997cfe\" data-element_type=\"container\" data-e-type=\"container\">\n\t\t\t\t<div class=\"elementor-element elementor-element-6081307 elementor-widget-divider--view-line elementor-widget elementor-widget-divider\" data-id=\"6081307\" data-element_type=\"widget\" data-e-type=\"widget\" data-widget_type=\"divider.default\">\n\t\t\t\t<div class=\"elementor-widget-container\">\n\t\t\t\t\t\t\t<div class=\"elementor-divider\">\n\t\t\t<span class=\"elementor-divider-separator\">\n\t\t\t\t\t\t<\/span>\n\t\t<\/div>\n\t\t\t\t\t\t<\/div>\n\t\t\t\t<\/div>\n\t\t\t\t<div class=\"elementor-element elementor-element-18479c2 elementor-widget elementor-widget-icon-box\" data-id=\"18479c2\" data-element_type=\"widget\" data-e-type=\"widget\" data-widget_type=\"icon-box.default\">\n\t\t\t\t<div class=\"elementor-widget-container\">\n\t\t\t\t\t\t\t<div class=\"elementor-icon-box-wrapper\">\n\n\t\t\t\n\t\t\t\t\t\t<div class=\"elementor-icon-box-content\">\n\n\t\t\t\t\t\t\t\t\t<h3 class=\"elementor-icon-box-title\">\n\t\t\t\t\t\t<span  >\n\t\t\t\t\t\t\tCONTACTA'NS\t\t\t\t\t\t<\/span>\n\t\t\t\t\t<\/h3>\n\t\t\t\t\n\t\t\t\t\t\t\t\t\t<p class=\"elementor-icon-box-description\">\n\t\t\t\t\t\t636 287 273 <br>\nmailto:dmp@danielmarti.es\t\t\t\t\t<\/p>\n\t\t\t\t\n\t\t\t<\/div>\n\t\t\t\n\t\t<\/div>\n\t\t\t\t\t\t<\/div>\n\t\t\t\t<\/div>\n\t\t\t\t<\/div>\n\t\t<div class=\"elementor-element elementor-element-71fc015 e-con-full e-flex e-con e-child\" data-id=\"71fc015\" data-element_type=\"container\" data-e-type=\"container\">\n\t\t\t\t<div class=\"elementor-element elementor-element-affad11 elementor-widget-divider--view-line elementor-widget elementor-widget-divider\" data-id=\"affad11\" data-element_type=\"widget\" data-e-type=\"widget\" data-widget_type=\"divider.default\">\n\t\t\t\t<div class=\"elementor-widget-container\">\n\t\t\t\t\t\t\t<div class=\"elementor-divider\">\n\t\t\t<span class=\"elementor-divider-separator\">\n\t\t\t\t\t\t<\/span>\n\t\t<\/div>\n\t\t\t\t\t\t<\/div>\n\t\t\t\t<\/div>\n\t\t\t\t<div class=\"elementor-element elementor-element-3379877 elementor-widget elementor-widget-icon-box\" data-id=\"3379877\" data-element_type=\"widget\" data-e-type=\"widget\" data-widget_type=\"icon-box.default\">\n\t\t\t\t<div class=\"elementor-widget-container\">\n\t\t\t\t\t\t\t<div class=\"elementor-icon-box-wrapper\">\n\n\t\t\t\n\t\t\t\t\t\t<div class=\"elementor-icon-box-content\">\n\n\t\t\t\t\t\t\t\t\t<h3 class=\"elementor-icon-box-title\">\n\t\t\t\t\t\t<span  >\n\t\t\t\t\t\t\tON ESTEM\t\t\t\t\t\t<\/span>\n\t\t\t\t\t<\/h3>\n\t\t\t\t\n\t\t\t\t\t\t\t\t\t<p class=\"elementor-icon-box-description\">\n\t\t\t\t\t\tCarrer Alcoi, 50,<br>\n 03430 Onil, Alacant\t\t\t\t\t<\/p>\n\t\t\t\t\n\t\t\t<\/div>\n\t\t\t\n\t\t<\/div>\n\t\t\t\t\t\t<\/div>\n\t\t\t\t<\/div>\n\t\t\t\t<\/div>\n\t\t<div class=\"elementor-element elementor-element-97f59dd e-con-full e-flex e-con e-child\" data-id=\"97f59dd\" data-element_type=\"container\" data-e-type=\"container\">\n\t\t\t\t<div class=\"elementor-element elementor-element-302adf7 elementor-widget-divider--view-line elementor-widget elementor-widget-divider\" data-id=\"302adf7\" data-element_type=\"widget\" data-e-type=\"widget\" data-widget_type=\"divider.default\">\n\t\t\t\t<div class=\"elementor-widget-container\">\n\t\t\t\t\t\t\t<div class=\"elementor-divider\">\n\t\t\t<span class=\"elementor-divider-separator\">\n\t\t\t\t\t\t<\/span>\n\t\t<\/div>\n\t\t\t\t\t\t<\/div>\n\t\t\t\t<\/div>\n\t\t\t\t<div class=\"elementor-element elementor-element-e2d54e8 elementor-widget elementor-widget-icon-box\" data-id=\"e2d54e8\" data-element_type=\"widget\" data-e-type=\"widget\" data-widget_type=\"icon-box.default\">\n\t\t\t\t<div class=\"elementor-widget-container\">\n\t\t\t\t\t\t\t<div class=\"elementor-icon-box-wrapper\">\n\n\t\t\t\n\t\t\t\t\t\t<div class=\"elementor-icon-box-content\">\n\n\t\t\t\t\t\t\t\t\t<h3 class=\"elementor-icon-box-title\">\n\t\t\t\t\t\t<span  >\n\t\t\t\t\t\t\tHORARI\t\t\t\t\t\t<\/span>\n\t\t\t\t\t<\/h3>\n\t\t\t\t\n\t\t\t\t\t\t\t\t\t<p class=\"elementor-icon-box-description\">\n\t\t\t\t\t\tDll - Dv.<br>\n 9:00 h. - 19:00 h.\n\t\t\t\t\t<\/p>\n\t\t\t\t\n\t\t\t<\/div>\n\t\t\t\n\t\t<\/div>\n\t\t\t\t\t\t<\/div>\n\t\t\t\t<\/div>\n\t\t\t\t<\/div>\n\t\t\t\t<\/div>\n\t\t\t\t<\/div>\n\t\t\t\t<\/div>\n\t\t<div class=\"elementor-element elementor-element-550224ec e-flex e-con-boxed e-con e-parent\" data-id=\"550224ec\" data-element_type=\"container\" data-e-type=\"container\">\n\t\t\t\t\t<div class=\"e-con-inner\">\n\t\t\t\t<div class=\"elementor-element elementor-element-6b0bf38f elementor-widget elementor-widget-heading\" data-id=\"6b0bf38f\" data-element_type=\"widget\" data-e-type=\"widget\" data-widget_type=\"heading.default\">\n\t\t\t\t<div class=\"elementor-widget-container\">\n\t\t\t\t\t<h2 class=\"elementor-heading-title elementor-size-default\">Cu\u00e9ntanos tu proyecto<\/h2>\t\t\t\t<\/div>\n\t\t\t\t<\/div>\n\t\t\t\t<div class=\"elementor-element elementor-element-7de7aeba elementor-widget-divider--view-line elementor-widget elementor-widget-divider\" data-id=\"7de7aeba\" data-element_type=\"widget\" data-e-type=\"widget\" data-widget_type=\"divider.default\">\n\t\t\t\t<div class=\"elementor-widget-container\">\n\t\t\t\t\t\t\t<div class=\"elementor-divider\">\n\t\t\t<span class=\"elementor-divider-separator\">\n\t\t\t\t\t\t<\/span>\n\t\t<\/div>\n\t\t\t\t\t\t<\/div>\n\t\t\t\t<\/div>\n\t\t<div class=\"elementor-element elementor-element-4ec145a e-flex e-con-boxed e-con e-child\" data-id=\"4ec145a\" data-element_type=\"container\" data-e-type=\"container\">\n\t\t\t\t\t<div class=\"e-con-inner\">\n\t\t\t\t<div class=\"elementor-element elementor-element-927f997 elementor-button-align-stretch elementor-widget elementor-widget-form\" data-id=\"927f997\" data-element_type=\"widget\" data-e-type=\"widget\" data-settings=\"{&quot;button_width&quot;:&quot;50&quot;,&quot;step_next_label&quot;:&quot;Siguiente&quot;,&quot;step_previous_label&quot;:&quot;Anterior&quot;,&quot;step_type&quot;:&quot;number_text&quot;,&quot;step_icon_shape&quot;:&quot;circle&quot;}\" data-widget_type=\"form.default\">\n\t\t\t\t<div class=\"elementor-widget-container\">\n\t\t\t\t\t\t\t<form class=\"elementor-form\" method=\"post\" name=\"Nuevo formulario\" aria-label=\"Nuevo formulario\" action=\"\">\n\t\t\t<input type=\"hidden\" name=\"post_id\" value=\"3244\"\/>\n\t\t\t<input type=\"hidden\" name=\"form_id\" value=\"927f997\"\/>\n\t\t\t<input type=\"hidden\" name=\"referer_title\" value=\"Contacto - DMP\" \/>\n\n\t\t\t\t\t\t\t<input type=\"hidden\" name=\"queried_id\" value=\"3244\"\/>\n\t\t\t\n\t\t\t<div class=\"elementor-form-fields-wrapper elementor-labels-\">\n\t\t\t\t\t\t\t\t<div class=\"elementor-field-type-text elementor-field-group elementor-column elementor-field-group-name elementor-col-50 elementor-field-required\">\n\t\t\t\t\t\t\t\t\t\t\t\t<label for=\"form-field-name\" class=\"elementor-field-label elementor-screen-only\">\n\t\t\t\t\t\t\t\tNom i Cognoms\t\t\t\t\t\t\t<\/label>\n\t\t\t\t\t\t\t\t\t\t\t\t\t\t<input size=\"1\" type=\"text\" name=\"form_fields[name]\" id=\"form-field-name\" class=\"elementor-field elementor-size-xs  elementor-field-textual\" placeholder=\"Nom i Cognoms\" required=\"required\">\n\t\t\t\t\t\t\t\t\t\t\t<\/div>\n\t\t\t\t\t\t\t\t<div class=\"elementor-field-type-email elementor-field-group elementor-column elementor-field-group-email elementor-col-50 elementor-field-required\">\n\t\t\t\t\t\t\t\t\t\t\t\t<label for=\"form-field-email\" class=\"elementor-field-label elementor-screen-only\">\n\t\t\t\t\t\t\t\tCorreu electr\u00f2nic\t\t\t\t\t\t\t<\/label>\n\t\t\t\t\t\t\t\t\t\t\t\t\t\t<input size=\"1\" type=\"email\" name=\"form_fields[email]\" id=\"form-field-email\" class=\"elementor-field elementor-size-xs  elementor-field-textual\" placeholder=\"Correu electr\u00f2nic\" required=\"required\">\n\t\t\t\t\t\t\t\t\t\t\t<\/div>\n\t\t\t\t\t\t\t\t<div class=\"elementor-field-type-textarea elementor-field-group elementor-column elementor-field-group-message elementor-col-100\">\n\t\t\t\t\t\t\t\t\t\t\t\t<label for=\"form-field-message\" class=\"elementor-field-label elementor-screen-only\">\n\t\t\t\t\t\t\t\tMissatge\t\t\t\t\t\t\t<\/label>\n\t\t\t\t\t\t<textarea class=\"elementor-field-textual elementor-field  elementor-size-xs\" name=\"form_fields[message]\" id=\"form-field-message\" rows=\"4\" placeholder=\"Missatge\"><\/textarea>\t\t\t\t<\/div>\n\t\t\t\t\t\t\t\t<div class=\"elementor-field-type-acceptance elementor-field-group elementor-column elementor-field-group-field_a5ba01f elementor-col-100\">\n\t\t\t\t\t\t\t\t\t\t\t\t<label for=\"form-field-field_a5ba01f\" class=\"elementor-field-label elementor-screen-only\">\n\t\t\t\t\t\t\t\tPol\u00edtica de privacidad\t\t\t\t\t\t\t<\/label>\n\t\t\t\t\t\t\t\t<div class=\"elementor-field-subgroup\">\n\t\t\t<span class=\"elementor-field-option\">\n\t\t\t\t<input type=\"checkbox\" name=\"form_fields[field_a5ba01f]\" id=\"form-field-field_a5ba01f\" class=\"elementor-field elementor-size-xs  elementor-acceptance-field\">\n\t\t\t\t<label for=\"form-field-field_a5ba01f\">Accepte la <a style=\"color: black; text-decoration: underline;\" href=\"\/cat\/politica-privacidad\/\">pol\u00edtica de privacitat<\/a> i la gesti\u00f3 de les meues dades<\/label>\t\t\t<\/span>\n\t\t<\/div>\n\t\t\t\t\t\t<\/div>\n\t\t\t\t\t\t\t\t<div class=\"elementor-field-type-recaptcha_v3 elementor-field-group elementor-column elementor-field-group-field_1fffa12 elementor-col-100 recaptcha_v3-bottomright\">\n\t\t\t\t\t<div class=\"elementor-field\" id=\"form-field-field_1fffa12\"><div class=\"elementor-g-recaptcha\" data-sitekey=\"6LdJFR0qAAAAAOWBxwxpLsLwaFpRv_JAk_Q7NJML\" data-type=\"v3\" data-action=\"Form\" data-badge=\"bottomright\" data-size=\"invisible\"><\/div><\/div>\t\t\t\t<\/div>\n\t\t\t\t\t\t\t\t<div class=\"elementor-field-group elementor-column elementor-field-type-submit elementor-col-50 e-form__buttons\">\n\t\t\t\t\t<button class=\"elementor-button elementor-size-sm\" type=\"submit\">\n\t\t\t\t\t\t<span class=\"elementor-button-content-wrapper\">\n\t\t\t\t\t\t\t\t\t\t\t\t\t\t\t\t\t\t\t\t\t\t<span class=\"elementor-button-text\">Enviar<\/span>\n\t\t\t\t\t\t\t\t\t\t\t\t\t<\/span>\n\t\t\t\t\t<\/button>\n\t\t\t\t<\/div>\n\t\t\t<\/div>\n\t\t<input type=\"hidden\" name=\"trp-form-language\" value=\"cat\"\/><\/form>\n\t\t\t\t\t\t<\/div>\n\t\t\t\t<\/div>\n\t\t\t\t\t<\/div>\n\t\t\t\t<\/div>\n\t\t\t\t\t<\/div>\n\t\t\t\t<\/div>\n\t\t\t\t<\/div>","protected":false},"excerpt":{"rendered":"<p>Informaci\u00f3n Cont\u00e1ctanos 636 287 273 dmp@danielmarti.es D\u00f3nde estamos Carrer Alcoi, 50, 03430 Onil, Alicante Horario Lun &#8211; Vie. 9:00 h. &#8211; 19:00 h. Cu\u00e9ntanos tu proyecto<\/p>","protected":false},"author":1,"featured_media":3197,"parent":0,"menu_order":0,"comment_status":"closed","ping_status":"closed","template":"elementor_header_footer","meta":{"_acf_changed":false,"footnotes":""},"class_list":["post-3244","page","type-page","status-publish","has-post-thumbnail","hentry"],"acf":[],"yoast_head":"<!-- This site is optimized with the Yoast SEO plugin v26.0 - https:\/\/yoast.com\/wordpress\/plugins\/seo\/ -->\n<title>Contacto - DMP<\/title>\n<meta name=\"description\" content=\"Contacta con Daniel Mart\u00ed, despacho t\u00e9cnico especializado en arquitectura y dise\u00f1o. Nuestro enfoque en los detalles es la mejor garant\u00eda.\" \/>\n<meta name=\"robots\" content=\"index, follow, max-snippet:-1, max-image-preview:large, max-video-preview:-1\" \/>\n<link rel=\"canonical\" href=\"https:\/\/danielmarti.es\/cat\/contacto\/\" \/>\n<meta property=\"og:locale\" content=\"ca_ES\" \/>\n<meta property=\"og:type\" content=\"article\" \/>\n<meta property=\"og:title\" content=\"Contacto - DMP\" \/>\n<meta property=\"og:description\" content=\"Contacta con Daniel Mart\u00ed, despacho t\u00e9cnico especializado en arquitectura y dise\u00f1o. Nuestro enfoque en los detalles es la mejor garant\u00eda.\" \/>\n<meta property=\"og:url\" content=\"https:\/\/danielmarti.es\/cat\/contacto\/\" \/>\n<meta property=\"og:site_name\" content=\"DMP\" \/>\n<meta property=\"article:modified_time\" content=\"2025-08-04T07:52:31+00:00\" \/>\n<meta property=\"og:image\" content=\"https:\/\/danielmarti.es\/wp-content\/uploads\/2024\/07\/banner1.jpg\" \/>\n\t<meta property=\"og:image:width\" content=\"2000\" \/>\n\t<meta property=\"og:image:height\" content=\"800\" \/>\n\t<meta property=\"og:image:type\" content=\"image\/jpeg\" \/>\n<meta name=\"twitter:card\" content=\"summary_large_image\" \/>\n<meta name=\"twitter:label1\" content=\"Temps estimat de lectura\" \/>\n\t<meta name=\"twitter:data1\" content=\"1 minut\" \/>\n<script type=\"application\/ld+json\" class=\"yoast-schema-graph\">{\"@context\":\"https:\/\/schema.org\",\"@graph\":[{\"@type\":\"WebPage\",\"@id\":\"https:\/\/danielmarti.es\/contacto\/\",\"url\":\"https:\/\/danielmarti.es\/contacto\/\",\"name\":\"Contacto - DMP\",\"isPartOf\":{\"@id\":\"https:\/\/fyqorne.cluster023.hosting.ovh.net\/#website\"},\"primaryImageOfPage\":{\"@id\":\"https:\/\/danielmarti.es\/contacto\/#primaryimage\"},\"image\":{\"@id\":\"https:\/\/danielmarti.es\/contacto\/#primaryimage\"},\"thumbnailUrl\":\"https:\/\/danielmarti.es\/wp-content\/uploads\/2024\/07\/banner1.jpg\",\"datePublished\":\"2024-07-05T11:54:27+00:00\",\"dateModified\":\"2025-08-04T07:52:31+00:00\",\"description\":\"Contacta con Daniel Mart\u00ed, despacho t\u00e9cnico especializado en arquitectura y dise\u00f1o. Nuestro enfoque en los detalles es la mejor garant\u00eda.\",\"breadcrumb\":{\"@id\":\"https:\/\/danielmarti.es\/contacto\/#breadcrumb\"},\"inLanguage\":\"ca\",\"potentialAction\":[{\"@type\":\"ReadAction\",\"target\":[\"https:\/\/danielmarti.es\/contacto\/\"]}]},{\"@type\":\"ImageObject\",\"inLanguage\":\"ca\",\"@id\":\"https:\/\/danielmarti.es\/contacto\/#primaryimage\",\"url\":\"https:\/\/danielmarti.es\/wp-content\/uploads\/2024\/07\/banner1.jpg\",\"contentUrl\":\"https:\/\/danielmarti.es\/wp-content\/uploads\/2024\/07\/banner1.jpg\",\"width\":2000,\"height\":800},{\"@type\":\"BreadcrumbList\",\"@id\":\"https:\/\/danielmarti.es\/contacto\/#breadcrumb\",\"itemListElement\":[{\"@type\":\"ListItem\",\"position\":1,\"name\":\"Portada\",\"item\":\"https:\/\/danielmarti.es\/\"},{\"@type\":\"ListItem\",\"position\":2,\"name\":\"Contacto\"}]},{\"@type\":\"WebSite\",\"@id\":\"https:\/\/fyqorne.cluster023.hosting.ovh.net\/#website\",\"url\":\"https:\/\/fyqorne.cluster023.hosting.ovh.net\/\",\"name\":\"DMP\",\"description\":\"Daniel Mart\u00ed - Arquitectura\",\"publisher\":{\"@id\":\"https:\/\/fyqorne.cluster023.hosting.ovh.net\/#organization\"},\"potentialAction\":[{\"@type\":\"SearchAction\",\"target\":{\"@type\":\"EntryPoint\",\"urlTemplate\":\"https:\/\/fyqorne.cluster023.hosting.ovh.net\/?s={search_term_string}\"},\"query-input\":{\"@type\":\"PropertyValueSpecification\",\"valueRequired\":true,\"valueName\":\"search_term_string\"}}],\"inLanguage\":\"ca\"},{\"@type\":\"Organization\",\"@id\":\"https:\/\/fyqorne.cluster023.hosting.ovh.net\/#organization\",\"name\":\"Daniel Mart\u00ed - Arquitectura\",\"alternateName\":\"DMP\",\"url\":\"https:\/\/fyqorne.cluster023.hosting.ovh.net\/\",\"logo\":{\"@type\":\"ImageObject\",\"inLanguage\":\"ca\",\"@id\":\"https:\/\/fyqorne.cluster023.hosting.ovh.net\/#\/schema\/logo\/image\/\",\"url\":\"http:\/\/fyqorne.cluster023.hosting.ovh.net\/wp-content\/uploads\/2024\/07\/cropped-dmp-logo.png\",\"contentUrl\":\"http:\/\/fyqorne.cluster023.hosting.ovh.net\/wp-content\/uploads\/2024\/07\/cropped-dmp-logo.png\",\"width\":512,\"height\":512,\"caption\":\"Daniel Mart\u00ed - Arquitectura\"},\"image\":{\"@id\":\"https:\/\/fyqorne.cluster023.hosting.ovh.net\/#\/schema\/logo\/image\/\"}}]}<\/script>\n<!-- \/ Yoast SEO plugin. -->","yoast_head_json":{"title":"Contacto - DMP","description":"Contacta con Daniel Mart\u00ed, despacho t\u00e9cnico especializado en arquitectura y dise\u00f1o. Nuestro enfoque en los detalles es la mejor garant\u00eda.","robots":{"index":"index","follow":"follow","max-snippet":"max-snippet:-1","max-image-preview":"max-image-preview:large","max-video-preview":"max-video-preview:-1"},"canonical":"https:\/\/danielmarti.es\/cat\/contacto\/","og_locale":"ca_ES","og_type":"article","og_title":"Contacto - DMP","og_description":"Contacta con Daniel Mart\u00ed, despacho t\u00e9cnico especializado en arquitectura y dise\u00f1o. Nuestro enfoque en los detalles es la mejor garant\u00eda.","og_url":"https:\/\/danielmarti.es\/cat\/contacto\/","og_site_name":"DMP","article_modified_time":"2025-08-04T07:52:31+00:00","og_image":[{"width":2000,"height":800,"url":"https:\/\/danielmarti.es\/wp-content\/uploads\/2024\/07\/banner1.jpg","type":"image\/jpeg"}],"twitter_card":"summary_large_image","twitter_misc":{"Temps estimat de lectura":"1 minut"},"schema":{"@context":"https:\/\/schema.org","@graph":[{"@type":"WebPage","@id":"https:\/\/danielmarti.es\/contacto\/","url":"https:\/\/danielmarti.es\/contacto\/","name":"Contacto - DMP","isPartOf":{"@id":"https:\/\/fyqorne.cluster023.hosting.ovh.net\/#website"},"primaryImageOfPage":{"@id":"https:\/\/danielmarti.es\/contacto\/#primaryimage"},"image":{"@id":"https:\/\/danielmarti.es\/contacto\/#primaryimage"},"thumbnailUrl":"https:\/\/danielmarti.es\/wp-content\/uploads\/2024\/07\/banner1.jpg","datePublished":"2024-07-05T11:54:27+00:00","dateModified":"2025-08-04T07:52:31+00:00","description":"Contacta con Daniel Mart\u00ed, despacho t\u00e9cnico especializado en arquitectura y dise\u00f1o. Nuestro enfoque en los detalles es la mejor garant\u00eda.","breadcrumb":{"@id":"https:\/\/danielmarti.es\/contacto\/#breadcrumb"},"inLanguage":"ca","potentialAction":[{"@type":"ReadAction","target":["https:\/\/danielmarti.es\/contacto\/"]}]},{"@type":"ImageObject","inLanguage":"ca","@id":"https:\/\/danielmarti.es\/contacto\/#primaryimage","url":"https:\/\/danielmarti.es\/wp-content\/uploads\/2024\/07\/banner1.jpg","contentUrl":"https:\/\/danielmarti.es\/wp-content\/uploads\/2024\/07\/banner1.jpg","width":2000,"height":800},{"@type":"BreadcrumbList","@id":"https:\/\/danielmarti.es\/contacto\/#breadcrumb","itemListElement":[{"@type":"ListItem","position":1,"name":"Portada","item":"https:\/\/danielmarti.es\/"},{"@type":"ListItem","position":2,"name":"Contacto"}]},{"@type":"WebSite","@id":"https:\/\/fyqorne.cluster023.hosting.ovh.net\/#website","url":"https:\/\/fyqorne.cluster023.hosting.ovh.net\/","name":"DMP","description":"Daniel Mart\u00ed - Arquitectura","publisher":{"@id":"https:\/\/fyqorne.cluster023.hosting.ovh.net\/#organization"},"potentialAction":[{"@type":"SearchAction","target":{"@type":"EntryPoint","urlTemplate":"https:\/\/fyqorne.cluster023.hosting.ovh.net\/?s={search_term_string}"},"query-input":{"@type":"PropertyValueSpecification","valueRequired":true,"valueName":"search_term_string"}}],"inLanguage":"ca"},{"@type":"Organization","@id":"https:\/\/fyqorne.cluster023.hosting.ovh.net\/#organization","name":"Daniel Mart\u00ed - Arquitectura","alternateName":"DMP","url":"https:\/\/fyqorne.cluster023.hosting.ovh.net\/","logo":{"@type":"ImageObject","inLanguage":"ca","@id":"https:\/\/fyqorne.cluster023.hosting.ovh.net\/#\/schema\/logo\/image\/","url":"http:\/\/fyqorne.cluster023.hosting.ovh.net\/wp-content\/uploads\/2024\/07\/cropped-dmp-logo.png","contentUrl":"http:\/\/fyqorne.cluster023.hosting.ovh.net\/wp-content\/uploads\/2024\/07\/cropped-dmp-logo.png","width":512,"height":512,"caption":"Daniel Mart\u00ed - Arquitectura"},"image":{"@id":"https:\/\/fyqorne.cluster023.hosting.ovh.net\/#\/schema\/logo\/image\/"}}]}},"_links":{"self":[{"href":"https:\/\/danielmarti.es\/cat\/wp-json\/wp\/v2\/pages\/3244","targetHints":{"allow":["GET"]}}],"collection":[{"href":"https:\/\/danielmarti.es\/cat\/wp-json\/wp\/v2\/pages"}],"about":[{"href":"https:\/\/danielmarti.es\/cat\/wp-json\/wp\/v2\/types\/page"}],"author":[{"embeddable":true,"href":"https:\/\/danielmarti.es\/cat\/wp-json\/wp\/v2\/users\/1"}],"replies":[{"embeddable":true,"href":"https:\/\/danielmarti.es\/cat\/wp-json\/wp\/v2\/comments?post=3244"}],"version-history":[{"count":49,"href":"https:\/\/danielmarti.es\/cat\/wp-json\/wp\/v2\/pages\/3244\/revisions"}],"predecessor-version":[{"id":4907,"href":"https:\/\/danielmarti.es\/cat\/wp-json\/wp\/v2\/pages\/3244\/revisions\/4907"}],"wp:featuredmedia":[{"embeddable":true,"href":"https:\/\/danielmarti.es\/cat\/wp-json\/wp\/v2\/media\/3197"}],"wp:attachment":[{"href":"https:\/\/danielmarti.es\/cat\/wp-json\/wp\/v2\/media?parent=3244"}],"curies":[{"name":"wp","href":"https:\/\/api.w.org\/{rel}","templated":true}]}}